{"id":21790,"date":"2022-05-11T08:53:14","date_gmt":"2022-05-11T06:53:14","guid":{"rendered":"https:\/\/dev.ticinowine.ch\/ticinowine\/"},"modified":"2026-02-23T13:45:38","modified_gmt":"2026-02-23T12:45:38","slug":"ticinowine","status":"publish","type":"page","link":"https:\/\/ticinowine.ch\/fr\/","title":{"rendered":"Ticinowine"},"content":{"rendered":"\t\t<div data-elementor-type=\"wp-page\" data-elementor-id=\"21790\" class=\"elementor elementor-21790 elementor-4058\" data-elementor-post-type=\"page\">\n\t\t\t\t\t\t<section class=\"elementor-section elementor-top-section elementor-element elementor-element-ce7a4e0 elementor-section-full_width elementor-section-height-default elementor-section-height-default\" data-id=\"ce7a4e0\" data-element_type=\"section\" data-e-type=\"section\">\n\t\t\t\t\t\t<div class=\"elementor-container elementor-column-gap-no\">\n\t\t\t\t\t<div class=\"elementor-column elementor-col-100 elementor-top-column elementor-element elementor-element-06365e9\" data-id=\"06365e9\" data-element_type=\"column\" data-e-type=\"column\">\n\t\t\t<div class=\"elementor-widget-wrap elementor-element-populated\">\n\t\t\t\t\t\t<div class=\"elementor-element elementor-element-413812f elementor-widget elementor-widget-slider_revolution\" data-id=\"413812f\" data-element_type=\"widget\" data-e-type=\"widget\" data-widget_type=\"slider_revolution.default\">\n\t\t\t\t\t\n\t\t<div class=\"wp-block-themepunch-revslider\">\n\t\t\t\t<p class=\"rs-p-wp-fix\"><\/p>\n\t\t\t\t<sr7-module data-alias=\"degustazioni-fr\" data-id=\"33\" id=\"SR7_33_1\" class=\"rs-respect-topbar rs-ov-hidden\" data-version=\"6.7.52\">\n\t\t\t\t\t<sr7-adjuster><\/sr7-adjuster>\n\t\t\t\t\t<sr7-content>\n\t\t\t\t\t\t<sr7-slide id=\"SR7_33_1-164\" data-key=\"164\">\n\t\t\t\t\t\t\t<sr7-bg id=\"SR7_33_1-164-1\" class=\"sr7-layer\"><noscript><img decoding=\"async\" src=\"https:\/\/ticinowine.ch\/wp-content\/uploads\/2025\/12\/Slide_7_Ragazze_HiFi-scaled.jpg\" alt=\"\" title=\"Slide_7_Ragazze_HiFi\"><\/noscript><\/sr7-bg>\n\t\t\t\t\t\t<\/sr7-slide>\n\t\t\t\t\t\t<sr7-slide id=\"SR7_33_1-171\" data-key=\"171\">\n\t\t\t\t\t\t\t<sr7-bg id=\"SR7_33_1-171-1\" class=\"sr7-layer\"><noscript><img decoding=\"async\" src=\"https:\/\/ticinowine.ch\/wp-content\/uploads\/2025\/12\/DELEA_1N7A6219-scaled.jpg\" alt=\"\" title=\"TICINOWINE\"><\/noscript><\/sr7-bg>\n\t\t\t\t\t\t<\/sr7-slide>\n\t\t\t\t\t\t<sr7-slide id=\"SR7_33_1-169\" data-key=\"169\">\n\t\t\t\t\t\t\t<sr7-bg id=\"SR7_33_1-169-1\" class=\"sr7-layer\"><noscript><img decoding=\"async\" src=\"https:\/\/ticinowine.ch\/wp-content\/uploads\/2025\/12\/DELLEA_AMOROSA_GUDO_DJI_0628-scaled.jpg\" alt=\"\" title=\"TICINOWINE\"><\/noscript><\/sr7-bg>\n\t\t\t\t\t\t<\/sr7-slide>\n\t\t\t\t\t\t<sr7-slide id=\"SR7_33_1-165\" data-key=\"165\">\n\t\t\t\t\t\t\t<sr7-bg id=\"SR7_33_1-165-1\" class=\"sr7-layer\"><noscript><img decoding=\"async\" src=\"https:\/\/ticinowine.ch\/wp-content\/uploads\/2025\/12\/CAVALIERE_1N7A6277-scaled.jpg\" alt=\"\" title=\"TICINOWINE\"><\/noscript><\/sr7-bg>\n\t\t\t\t\t\t<\/sr7-slide>\n\t\t\t\t\t\t<sr7-slide id=\"SR7_33_1-166\" data-key=\"166\">\n\t\t\t\t\t\t\t<sr7-bg id=\"SR7_33_1-166-1\" class=\"sr7-layer\"><noscript><img decoding=\"async\" src=\"https:\/\/ticinowine.ch\/wp-content\/uploads\/2025\/12\/VINATTIERI-TICINESI-IL-TEMPIO-DEL-VINO-NORD-scaled.jpg\" alt=\"\" title=\"Zanini Vini\"><\/noscript><\/sr7-bg>\n\t\t\t\t\t\t<\/sr7-slide>\n\t\t\t\t\t\t<sr7-slide id=\"SR7_33_1-167\" data-key=\"167\">\n\t\t\t\t\t\t\t<sr7-bg id=\"SR7_33_1-167-1\" class=\"sr7-layer\"><noscript><img decoding=\"async\" src=\"https:\/\/ticinowine.ch\/wp-content\/uploads\/2025\/12\/CASTELLO_MORCOTE_DJI_0902-scaled.jpg\" alt=\"\" title=\"TICINOWINE\"><\/noscript><\/sr7-bg>\n\t\t\t\t\t\t<\/sr7-slide>\n\t\t\t\t\t\t<sr7-slide id=\"SR7_33_1-170\" data-key=\"170\">\n\t\t\t\t\t\t\t<sr7-bg id=\"SR7_33_1-170-1\" class=\"sr7-layer\"><noscript><img decoding=\"async\" src=\"https:\/\/ticinowine.ch\/wp-content\/uploads\/2025\/12\/19-scaled.jpg\" alt=\"\" title=\"19\"><\/noscript><\/sr7-bg>\n\t\t\t\t\t\t<\/sr7-slide>\n\t\t\t\t\t\t<sr7-slide id=\"SR7_33_1-168\" data-key=\"168\">\n\t\t\t\t\t\t\t<sr7-bg id=\"SR7_33_1-168-1\" class=\"sr7-layer\"><noscript><img decoding=\"async\" src=\"https:\/\/ticinowine.ch\/wp-content\/uploads\/2025\/12\/MATASCI_TENERO_1N7A6691-scaled.jpg\" alt=\"\" title=\"TICINOWINE\"><\/noscript><\/sr7-bg>\n\t\t\t\t\t\t<\/sr7-slide>\n\t\t\t\t\t\t<sr7-slide id=\"SR7_33_1-173\" data-key=\"173\">\n\t\t\t\t\t\t\t<sr7-txt id=\"SR7_33_1-173-0\" class=\"sr7-layer\">Vivez des exp\u00e9riences authentiques en cave<\/sr7-txt>\n\t\t\t\t\t\t\t<sr7-txt id=\"SR7_33_1-173-1\" class=\"sr7-layer\">D\u00e9gustations, visites, \u00e9v\u00e9nements priv\u00e9s et activit\u00e9s pour groupes ou entreprises.<\/sr7-txt>\n\t\t\t\t\t\t\t<a id=\"SR7_33_1-173-2\" class=\"sr7-layer\" href=\"https:\/\/ticinowine.ch\/esperienze-nelle-cantine\/\" target=\"_self\">D\u00e9couvrir plus<\/a>\n\t\t\t\t\t\t<\/sr7-slide>\n\t\t\t\t\t<\/sr7-content>\n\t\t\t\t\t<image_lists style=\"display:none\">\n\t\t\t\t\t\t<img data-src=\"\/\/ticinowine.ch\/wp-content\/uploads\/2025\/12\/Slide_7_Ragazze_HiFi-scaled.jpg\" data-libid=\"29373\" data-lib=\"medialibrary\" title=\"Slide_7_Ragazze_HiFi\" width=\"0\" height=\"0\" data-dbsrc=\"Ly90aWNpbm93aW5lLmNoL3dwLWNvbnRlbnQvdXBsb2Fkcy8yMDI1LzEyL1NsaWRlXzdfUmFnYXp6ZV9IaUZpLXNjYWxlZC5qcGc=\"\/>\n\t\t\t\t\t\t<img data-src=\"\/\/ticinowine.ch\/wp-content\/uploads\/2025\/12\/CAVALIERE_1N7A6277-scaled.jpg\" data-libid=\"29405\" data-lib=\"medialibrary\" title=\"TICINOWINE\" width=\"0\" height=\"0\" data-dbsrc=\"Ly90aWNpbm93aW5lLmNoL3dwLWNvbnRlbnQvdXBsb2Fkcy8yMDI1LzEyL0NBVkFMSUVSRV8xTjdBNjI3Ny1zY2FsZWQuanBn\"\/>\n\t\t\t\t\t\t<img data-src=\"\/\/ticinowine.ch\/wp-content\/uploads\/2025\/12\/VINATTIERI-TICINESI-IL-TEMPIO-DEL-VINO-NORD-scaled.jpg\" data-libid=\"29402\" data-lib=\"medialibrary\" title=\"Zanini Vini\" width=\"0\" height=\"0\" data-dbsrc=\"Ly90aWNpbm93aW5lLmNoL3dwLWNvbnRlbnQvdXBsb2Fkcy8yMDI1LzEyL1ZJTkFUVElFUkktVElDSU5FU0ktSUwtVEVNUElPLURFTC1WSU5PLU5PUkQtc2NhbGVkLmpwZw==\"\/>\n\t\t\t\t\t\t<img loading=\"lazy\" data-src=\"\/\/ticinowine.ch\/wp-content\/uploads\/2025\/12\/CASTELLO_MORCOTE_DJI_0902-scaled.jpg\" data-libid=\"29411\" data-lib=\"medialibrary\" title=\"TICINOWINE\" width=\"0\" height=\"0\" data-dbsrc=\"Ly90aWNpbm93aW5lLmNoL3dwLWNvbnRlbnQvdXBsb2Fkcy8yMDI1LzEyL0NBU1RFTExPX01PUkNPVEVfREpJXzA5MDItc2NhbGVkLmpwZw==\"\/>\n\t\t\t\t\t\t<img loading=\"lazy\" data-src=\"\/\/ticinowine.ch\/wp-content\/uploads\/2025\/12\/MATASCI_TENERO_1N7A6691-scaled.jpg\" data-libid=\"29399\" data-lib=\"medialibrary\" title=\"TICINOWINE\" width=\"0\" height=\"0\" data-dbsrc=\"Ly90aWNpbm93aW5lLmNoL3dwLWNvbnRlbnQvdXBsb2Fkcy8yMDI1LzEyL01BVEFTQ0lfVEVORVJPXzFON0E2NjkxLXNjYWxlZC5qcGc=\"\/>\n\t\t\t\t\t\t<img loading=\"lazy\" data-src=\"\/\/ticinowine.ch\/wp-content\/uploads\/2025\/12\/DELLEA_AMOROSA_GUDO_DJI_0628-scaled.jpg\" data-libid=\"29414\" data-lib=\"medialibrary\" title=\"TICINOWINE\" width=\"0\" height=\"0\" data-dbsrc=\"Ly90aWNpbm93aW5lLmNoL3dwLWNvbnRlbnQvdXBsb2Fkcy8yMDI1LzEyL0RFTExFQV9BTU9ST1NBX0dVRE9fREpJXzA2Mjgtc2NhbGVkLmpwZw==\"\/>\n\t\t\t\t\t\t<img loading=\"lazy\" data-src=\"\/\/ticinowine.ch\/wp-content\/uploads\/2025\/12\/19-scaled.jpg\" data-libid=\"29408\" data-lib=\"medialibrary\" title=\"19\" width=\"0\" height=\"0\" data-dbsrc=\"Ly90aWNpbm93aW5lLmNoL3dwLWNvbnRlbnQvdXBsb2Fkcy8yMDI1LzEyLzE5LXNjYWxlZC5qcGc=\"\/>\n\t\t\t\t\t\t<img loading=\"lazy\" data-src=\"\/\/ticinowine.ch\/wp-content\/uploads\/2025\/12\/DELEA_1N7A6219-scaled.jpg\" data-libid=\"29396\" data-lib=\"medialibrary\" title=\"TICINOWINE\" width=\"0\" height=\"0\" data-dbsrc=\"Ly90aWNpbm93aW5lLmNoL3dwLWNvbnRlbnQvdXBsb2Fkcy8yMDI1LzEyL0RFTEVBXzFON0E2MjE5LXNjYWxlZC5qcGc=\"\/>\n\t\t\t\t\t<\/image_lists>\n\t\t\t\t<\/sr7-module>\n\t\t\t\t<script>\n\t\t\t\t\twindow.SR7 ??={};SR7.PMH ??={}; SR7.PMH[\"SR7_33_1\"] = {cn:100,state:false,fn: function() { if (window._tpt!==undefined && window._tpt.prepareModuleHeight !== undefined) {  _tpt.prepareModuleHeight({id:\"SR7_33_1\",el:[950,950,768,960,600],type:'standard',shdw:'0',gh:[950,950,768,960,600],gw:[1240,1240,1024,778,480],vpt:['-100px&#039;,&#039;-100px&#039;,&#039;-100px&#039;,&#039;-100px&#039;,&#039;-100px'],size:{fullWidth:true, fullHeight:false},mh:'0',onh:0,onw:0,bg:{color:'{\"type\":\"solid\",\"orig\":\"#ffffff\",\"string\":\"rgba(255, 255, 255, 1)\"}'}});   SR7.PMH[\"SR7_33_1\"].state=true;} else if(SR7.PMH[\"SR7_33_1\"].cn-->0)\tsetTimeout( SR7.PMH[\"SR7_33_1\"].fn,19);}};SR7.PMH[\"SR7_33_1\" ].fn();\n\t\t\t\t<\/script>\n<\/div>\n\n\t\t\t\t\t\t<\/div>\n\t\t\t\t\t<\/div>\n\t\t<\/div>\n\t\t\t\t\t<\/div>\n\t\t<\/section>\n\t\t<div class=\"elementor-element elementor-element-8b8ccf1 e-flex e-con-boxed e-con e-parent\" data-id=\"8b8ccf1\" data-element_type=\"container\" data-e-type=\"container\">\n\t\t\t\t\t<div class=\"e-con-inner\">\n\t\t\t\t<div class=\"elementor-element elementor-element-c49be14 elementor-widget elementor-widget-slider_revolution\" data-id=\"c49be14\" data-element_type=\"widget\" data-e-type=\"widget\" data-widget_type=\"slider_revolution.default\">\n\t\t\t\t\t\n\t\t<div class=\"wp-block-themepunch-revslider\">\n\t\t\t\t<p class=\"rs-p-wp-fix\"><\/p>\n\t\t\t\t<sr7-module data-alias=\"post-slider-fr\" data-id=\"39\" id=\"SR7_39_2\" class=\"rs-ov-hidden\" data-version=\"6.7.52\">\n\t\t\t\t\t<sr7-adjuster><\/sr7-adjuster>\n\t\t\t\t\t<sr7-content>\n\t\t\t\t\t\t<sr7-slide id=\"SR7_39_2-195STR1\" data-key=\"195STR1\">\n\t\t\t\t\t\t\t<h2 id=\"SR7_39_2-195STR1-3\" class=\"sr7-layer\">Muralto Vini al Lago<\/h2>\n\t\t\t\t\t\t\t<sr7-txt id=\"SR7_39_2-195STR1-9\" class=\"sr7-layer\">18 avril 2026<br><br><br \/>\n<br \/>\nLe rendez-vous printanier dans le cadre magnifique du Lungolago de Muralto.<br \/>\nUn \u00e9v\u00e9nement d\u00e9di\u00e9 aux passionn\u00e9s de vin, aux touristes, aux curieux et aux sommeliers pour d\u00e9couvrir les vins d'\u00e9t\u00e9 du Tessin.<\/sr7-txt>\n\t\t\t\t\t\t\t<a id=\"SR7_39_2-195STR1-10\" class=\"sr7-layer\" href=\"https:\/\/ticinowine.ch\/fr\/eventi\/muralto-vini-al-lago\/\" target=\"_self\">D\u00e9couvrir plus<\/a>\n\t\t\t\t\t\t<\/sr7-slide>\n\t\t\t\t\t\t<sr7-slide id=\"SR7_39_2-195STR2\" data-key=\"195STR2\">\n\t\t\t\t\t\t\t<h2 id=\"SR7_39_2-195STR2-3\" class=\"sr7-layer\">Caves Ouvertes<\/h2>\n\t\t\t\t\t\t\t<sr7-txt id=\"SR7_39_2-195STR2-9\" class=\"sr7-layer\">16-17 mai 2026 \u2013 Sottoceneri<br><br \/>\n23-24 mai 2026 \u2013 Sopraceneri<br><br><br \/>\n<br \/>\nPendant ces deux week-ends, les caves viticoles du Tessin sont ouvertes de 10h00 \u00e0 18h00 pour les visites des passionn\u00e9s et des curieux, afin de d\u00e9couvrir les lieux de production, appr\u00e9cier les mill\u00e9simes, les vignobles et bien plus encore.<\/sr7-txt>\n\t\t\t\t\t\t\t<a id=\"SR7_39_2-195STR2-10\" class=\"sr7-layer\" href=\"https:\/\/ticinowine.ch\/fr\/eventi\/caves-ouvertes\/\" target=\"_self\">D\u00e9couvrir plus<\/a>\n\t\t\t\t\t\t<\/sr7-slide>\n\t\t\t\t\t\t<sr7-slide id=\"SR7_39_2-195STR3\" data-key=\"195STR3\">\n\t\t\t\t\t\t\t<h2 id=\"SR7_39_2-195STR3-3\" class=\"sr7-layer\">Vini in Villa<\/h2>\n\t\t\t\t\t\t\t<sr7-txt id=\"SR7_39_2-195STR3-9\" class=\"sr7-layer\">20-21 novembre 2026<br><br><br \/>\n<br \/>\nVini in Villa revient \u00e0 Lugano, le rendez-vous de No\u00ebl pour les passionn\u00e9s de vins tessinois. D\u00e9couvrez et d\u00e9gustez plus de 200 vins de nos caves tessinoises.<\/sr7-txt>\n\t\t\t\t\t\t\t<a id=\"SR7_39_2-195STR3-10\" class=\"sr7-layer\" href=\"https:\/\/ticinowine.ch\/fr\/eventi\/vini-in-villa\/\" target=\"_self\">D\u00e9couvrir plus<\/a>\n\t\t\t\t\t\t<\/sr7-slide>\n\t\t\t\t\t\t<sr7-slide id=\"SR7_39_2-195STR4\" data-key=\"195STR4\">\n\t\t\t\t\t\t\t<h2 id=\"SR7_39_2-195STR4-3\" class=\"sr7-layer\">Exp\u00e9riences dans les caves<\/h2>\n\t\t\t\t\t\t\t<sr7-txt id=\"SR7_39_2-195STR4-9\" class=\"sr7-layer\">D\u00e9couvrez le charme des caves tessinoises avec des exp\u00e9riences uniques sur mesure pour vous. Choisissez parmi des d\u00e9gustations, des visites guid\u00e9es et des \u00e9v\u00e9nements exclusifs, et laissez-vous surprendre par l'authenticit\u00e9 de nos vins et l'hospitalit\u00e9 de notre r\u00e9gion.<\/sr7-txt>\n\t\t\t\t\t\t\t<a id=\"SR7_39_2-195STR4-10\" class=\"sr7-layer\" href=\"https:\/\/ticinowine.ch\/fr\/eventi\/esperienze-nelle-cantine\/\" target=\"_self\">D\u00e9couvrir plus<\/a>\n\t\t\t\t\t\t<\/sr7-slide>\n\t\t\t\t\t\t<sr7-slide id=\"SR7_39_2-195STR5\" data-key=\"195STR5\">\n\t\t\t\t\t\t\t<h2 id=\"SR7_39_2-195STR5-3\" class=\"sr7-layer\">Formation<\/h2>\n\t\t\t\t\t\t\t<sr7-txt id=\"SR7_39_2-195STR5-9\" class=\"sr7-layer\">D\u00e9couvrez l\u2019art du vin gr\u00e2ce \u00e0 des cours organis\u00e9s dans tout le canton. Ces cours s\u2019adressent \u00e0 tous ceux qui souhaitent am\u00e9liorer leurs comp\u00e9tences dans le secteur du vin et devenir des experts dans la valorisation de l\u2019exp\u00e9rience du vin.<\/sr7-txt>\n\t\t\t\t\t\t\t<a id=\"SR7_39_2-195STR5-10\" class=\"sr7-layer\" href=\"https:\/\/ticinowine.ch\/fr\/eventi\/formazione\/\" target=\"_self\">D\u00e9couvrir plus<\/a>\n\t\t\t\t\t\t<\/sr7-slide>\n\t\t\t\t\t\t<sr7-slide id=\"SR7_39_2-196\" data-key=\"196\">\n\t\t\t\t\t\t<\/sr7-slide>\n\t\t\t\t\t<\/sr7-content>\n\t\t\t\t\t<image_lists style=\"display:none\">\n\t\t\t\t\t\t<img loading=\"lazy\" data-src=\"\/\/ticinowine.ch\/wp-content\/uploads\/2025\/01\/12408_Ticinowine_TW-VinialLago.jpg\" width=\"0\" height=\"0\" data-dbsrc=\"Ly90aWNpbm93aW5lLmNoL3dwLWNvbnRlbnQvdXBsb2Fkcy8yMDI1LzAxLzEyNDA4X1RpY2lub3dpbmVfVFctVmluaWFsTGFnby5qcGc=\"\/>\n\t\t\t\t\t\t<img loading=\"lazy\" data-src=\"\/\/ticinowine.ch\/wp-content\/uploads\/2026\/04\/12422_TW-CA26_Quadrata_Web-scaled.jpg\" width=\"0\" height=\"0\" data-dbsrc=\"Ly90aWNpbm93aW5lLmNoL3dwLWNvbnRlbnQvdXBsb2Fkcy8yMDI2LzA0LzEyNDIyX1RXLUNBMjZfUXVhZHJhdGFfV2ViLXNjYWxlZC5qcGc=\"\/>\n\t\t\t\t\t\t<img loading=\"lazy\" data-src=\"\/\/ticinowine.ch\/wp-content\/uploads\/2025\/09\/12442_Ticinowine_TW-ViniInVilla_Quadrata_Web.jpg\" width=\"0\" height=\"0\" data-dbsrc=\"Ly90aWNpbm93aW5lLmNoL3dwLWNvbnRlbnQvdXBsb2Fkcy8yMDI1LzA5LzEyNDQyX1RpY2lub3dpbmVfVFctVmluaUluVmlsbGFfUXVhZHJhdGFfV2ViLmpwZw==\"\/>\n\t\t\t\t\t\t<img loading=\"lazy\" data-src=\"\/\/ticinowine.ch\/wp-content\/uploads\/2025\/08\/quadrata-e892bf2328c88e3022aa2327320b6b09.jpg\" width=\"0\" height=\"0\" data-dbsrc=\"Ly90aWNpbm93aW5lLmNoL3dwLWNvbnRlbnQvdXBsb2Fkcy8yMDI1LzA4L3F1YWRyYXRhLWU4OTJiZjIzMjhjODhlMzAyMmFhMjMyNzMyMGI2YjA5LmpwZw==\"\/>\n\t\t\t\t\t\t<img loading=\"lazy\" data-src=\"\/\/ticinowine.ch\/wp-content\/uploads\/2025\/01\/Vini-in-Villa-ScoobyartIMG_5093-scaled.jpg\" width=\"0\" height=\"0\" data-dbsrc=\"Ly90aWNpbm93aW5lLmNoL3dwLWNvbnRlbnQvdXBsb2Fkcy8yMDI1LzAxL1ZpbmktaW4tVmlsbGEtU2Nvb2J5YXJ0SU1HXzUwOTMtc2NhbGVkLmpwZw==\"\/>\n\t\t\t\t\t<\/image_lists>\n\t\t\t\t<\/sr7-module>\n\t\t\t\t<script>\n\t\t\t\t\twindow.SR7 ??={};SR7.PMH ??={}; SR7.PMH[\"SR7_39_2\"] = {cn:100,state:false,fn: function() { if (window._tpt!==undefined && window._tpt.prepareModuleHeight !== undefined) {  _tpt.prepareModuleHeight({id:\"SR7_39_2\",el:[700,700,700,700,800],type:'standard',shdw:'0',gh:[700,700,700,700,800],gw:[1240,1240,1024,778,480],vpt:['-100px&#039;,&#039;-100px&#039;,&#039;-100px&#039;,&#039;-100px&#039;,&#039;-100px'],size:{fullWidth:true, fullHeight:false},mh:'0',onh:0,onw:80,bg:{color:'{\"type\":\"solid\",\"orig\":\"#ffffff\",\"string\":\"rgba(255, 255, 255, 1)\"}'}});   SR7.PMH[\"SR7_39_2\"].state=true;} else if(SR7.PMH[\"SR7_39_2\"].cn-->0)\tsetTimeout( SR7.PMH[\"SR7_39_2\"].fn,19);}};SR7.PMH[\"SR7_39_2\" ].fn();\n\t\t\t\t<\/script>\n<\/div>\n\n\t\t\t\t\t\t<\/div>\n\t\t\t\t\t<\/div>\n\t\t\t\t<\/div>\n\t\t\t\t<\/div>\n\t\t","protected":false},"excerpt":{"rendered":"","protected":false},"author":1,"featured_media":0,"parent":0,"menu_order":0,"comment_status":"closed","ping_status":"closed","template":"elementor_header_footer","meta":{"footnotes":""},"class_list":["post-21790","page","type-page","status-publish","hentry"],"yoast_head":"<!-- This site is optimized with the Yoast SEO plugin v27.3 - https:\/\/yoast.com\/product\/yoast-seo-wordpress\/ -->\n<title>Ticinowine - Ticinowine<\/title>\n<meta name=\"robots\" content=\"index, follow, max-snippet:-1, max-image-preview:large, max-video-preview:-1\" \/>\n<link rel=\"canonical\" href=\"https:\/\/ticinowine.ch\/\" \/>\n<meta property=\"og:locale\" content=\"fr_FR\" \/>\n<meta property=\"og:type\" content=\"article\" \/>\n<meta property=\"og:title\" content=\"Ticinowine - Ticinowine\" \/>\n<meta property=\"og:url\" content=\"https:\/\/ticinowine.ch\/\" \/>\n<meta property=\"og:site_name\" content=\"Ticinowine\" \/>\n<meta property=\"article:publisher\" content=\"https:\/\/www.facebook.com\/ticinowine.viniticinesi\" \/>\n<meta property=\"article:modified_time\" content=\"2026-02-23T12:45:38+00:00\" \/>\n<meta name=\"twitter:card\" content=\"summary_large_image\" \/>\n<meta name=\"twitter:label1\" content=\"Dur\u00e9e de lecture estim\u00e9e\" \/>\n\t<meta name=\"twitter:data1\" content=\"2 minutes\" \/>\n<script type=\"application\/ld+json\" class=\"yoast-schema-graph\">{\"@context\":\"https:\\\/\\\/schema.org\",\"@graph\":[{\"@type\":\"WebPage\",\"@id\":\"https:\\\/\\\/ticinowine.ch\\\/\",\"url\":\"https:\\\/\\\/ticinowine.ch\\\/\",\"name\":\"Ticinowine - Ticinowine\",\"isPartOf\":{\"@id\":\"https:\\\/\\\/ticinowine.ch\\\/#website\"},\"datePublished\":\"2022-05-11T06:53:14+00:00\",\"dateModified\":\"2026-02-23T12:45:38+00:00\",\"breadcrumb\":{\"@id\":\"https:\\\/\\\/ticinowine.ch\\\/#breadcrumb\"},\"inLanguage\":\"fr-FR\",\"potentialAction\":[{\"@type\":\"ReadAction\",\"target\":[\"https:\\\/\\\/ticinowine.ch\\\/\"]}]},{\"@type\":\"BreadcrumbList\",\"@id\":\"https:\\\/\\\/ticinowine.ch\\\/#breadcrumb\",\"itemListElement\":[{\"@type\":\"ListItem\",\"position\":1,\"name\":\"Home\",\"item\":\"https:\\\/\\\/ticinowine.ch\\\/\"},{\"@type\":\"ListItem\",\"position\":2,\"name\":\"Ticinowine\"}]},{\"@type\":\"WebSite\",\"@id\":\"https:\\\/\\\/ticinowine.ch\\\/#website\",\"url\":\"https:\\\/\\\/ticinowine.ch\\\/\",\"name\":\"Ticinowine\",\"description\":\"Interprofessione della Vite e del Vino Ticinese\",\"publisher\":{\"@id\":\"https:\\\/\\\/ticinowine.ch\\\/#organization\"},\"potentialAction\":[{\"@type\":\"SearchAction\",\"target\":{\"@type\":\"EntryPoint\",\"urlTemplate\":\"https:\\\/\\\/ticinowine.ch\\\/?s={search_term_string}\"},\"query-input\":{\"@type\":\"PropertyValueSpecification\",\"valueRequired\":true,\"valueName\":\"search_term_string\"}}],\"inLanguage\":\"fr-FR\"},{\"@type\":\"Organization\",\"@id\":\"https:\\\/\\\/ticinowine.ch\\\/#organization\",\"name\":\"Ticinowine\",\"url\":\"https:\\\/\\\/ticinowine.ch\\\/\",\"logo\":{\"@type\":\"ImageObject\",\"inLanguage\":\"fr-FR\",\"@id\":\"https:\\\/\\\/ticinowine.ch\\\/#\\\/schema\\\/logo\\\/image\\\/\",\"url\":\"https:\\\/\\\/ticinowine.ch\\\/wp-content\\\/uploads\\\/2024\\\/10\\\/Ticinowine-promozione-vitivinicol-ticinese.svg\",\"contentUrl\":\"https:\\\/\\\/ticinowine.ch\\\/wp-content\\\/uploads\\\/2024\\\/10\\\/Ticinowine-promozione-vitivinicol-ticinese.svg\",\"caption\":\"Ticinowine\"},\"image\":{\"@id\":\"https:\\\/\\\/ticinowine.ch\\\/#\\\/schema\\\/logo\\\/image\\\/\"},\"sameAs\":[\"https:\\\/\\\/www.facebook.com\\\/ticinowine.viniticinesi\",\"https:\\\/\\\/www.instagram.com\\\/ticinowine\"]}]}<\/script>\n<!-- \/ Yoast SEO plugin. -->","yoast_head_json":{"title":"Ticinowine - Ticinowine","robots":{"index":"index","follow":"follow","max-snippet":"max-snippet:-1","max-image-preview":"max-image-preview:large","max-video-preview":"max-video-preview:-1"},"canonical":"https:\/\/ticinowine.ch\/","og_locale":"fr_FR","og_type":"article","og_title":"Ticinowine - Ticinowine","og_url":"https:\/\/ticinowine.ch\/","og_site_name":"Ticinowine","article_publisher":"https:\/\/www.facebook.com\/ticinowine.viniticinesi","article_modified_time":"2026-02-23T12:45:38+00:00","twitter_card":"summary_large_image","twitter_misc":{"Dur\u00e9e de lecture estim\u00e9e":"2 minutes"},"schema":{"@context":"https:\/\/schema.org","@graph":[{"@type":"WebPage","@id":"https:\/\/ticinowine.ch\/","url":"https:\/\/ticinowine.ch\/","name":"Ticinowine - Ticinowine","isPartOf":{"@id":"https:\/\/ticinowine.ch\/#website"},"datePublished":"2022-05-11T06:53:14+00:00","dateModified":"2026-02-23T12:45:38+00:00","breadcrumb":{"@id":"https:\/\/ticinowine.ch\/#breadcrumb"},"inLanguage":"fr-FR","potentialAction":[{"@type":"ReadAction","target":["https:\/\/ticinowine.ch\/"]}]},{"@type":"BreadcrumbList","@id":"https:\/\/ticinowine.ch\/#breadcrumb","itemListElement":[{"@type":"ListItem","position":1,"name":"Home","item":"https:\/\/ticinowine.ch\/"},{"@type":"ListItem","position":2,"name":"Ticinowine"}]},{"@type":"WebSite","@id":"https:\/\/ticinowine.ch\/#website","url":"https:\/\/ticinowine.ch\/","name":"Ticinowine","description":"Interprofessione della Vite e del Vino Ticinese","publisher":{"@id":"https:\/\/ticinowine.ch\/#organization"},"potentialAction":[{"@type":"SearchAction","target":{"@type":"EntryPoint","urlTemplate":"https:\/\/ticinowine.ch\/?s={search_term_string}"},"query-input":{"@type":"PropertyValueSpecification","valueRequired":true,"valueName":"search_term_string"}}],"inLanguage":"fr-FR"},{"@type":"Organization","@id":"https:\/\/ticinowine.ch\/#organization","name":"Ticinowine","url":"https:\/\/ticinowine.ch\/","logo":{"@type":"ImageObject","inLanguage":"fr-FR","@id":"https:\/\/ticinowine.ch\/#\/schema\/logo\/image\/","url":"https:\/\/ticinowine.ch\/wp-content\/uploads\/2024\/10\/Ticinowine-promozione-vitivinicol-ticinese.svg","contentUrl":"https:\/\/ticinowine.ch\/wp-content\/uploads\/2024\/10\/Ticinowine-promozione-vitivinicol-ticinese.svg","caption":"Ticinowine"},"image":{"@id":"https:\/\/ticinowine.ch\/#\/schema\/logo\/image\/"},"sameAs":["https:\/\/www.facebook.com\/ticinowine.viniticinesi","https:\/\/www.instagram.com\/ticinowine"]}]}},"_links":{"self":[{"href":"https:\/\/ticinowine.ch\/fr\/wp-json\/wp\/v2\/pages\/21790","targetHints":{"allow":["GET"]}}],"collection":[{"href":"https:\/\/ticinowine.ch\/fr\/wp-json\/wp\/v2\/pages"}],"about":[{"href":"https:\/\/ticinowine.ch\/fr\/wp-json\/wp\/v2\/types\/page"}],"author":[{"embeddable":true,"href":"https:\/\/ticinowine.ch\/fr\/wp-json\/wp\/v2\/users\/1"}],"replies":[{"embeddable":true,"href":"https:\/\/ticinowine.ch\/fr\/wp-json\/wp\/v2\/comments?post=21790"}],"version-history":[{"count":0,"href":"https:\/\/ticinowine.ch\/fr\/wp-json\/wp\/v2\/pages\/21790\/revisions"}],"wp:attachment":[{"href":"https:\/\/ticinowine.ch\/fr\/wp-json\/wp\/v2\/media?parent=21790"}],"curies":[{"name":"wp","href":"https:\/\/api.w.org\/{rel}","templated":true}]}}